{"id":11851,"date":"2020-09-14T16:02:14","date_gmt":"2020-09-14T16:02:14","guid":{"rendered":"https:\/\/af-taxlegal.com\/uneix-te-a-nosaltres\/"},"modified":"2025-01-10T12:07:55","modified_gmt":"2025-01-10T12:07:55","slug":"uneix-te-a-nosaltres","status":"publish","type":"page","link":"https:\/\/af-taxlegal.com\/ca\/uneix-te-a-nosaltres\/","title":{"rendered":"Uneix-te a nosaltres"},"content":{"rendered":"<div class=\"fusion-fullwidth fullwidth-box fusion-builder-row-1 fusion-flex-container fusion-parallax-none nonhundred-percent-fullwidth non-hundred-percent-height-scrolling lazyload\" style=\"--link_hover_color: var(--awb-color5);--link_color: var(--awb-color7);--awb-border-radius-top-left:0px;--awb-border-radius-top-right:0px;--awb-border-radius-bottom-right:0px;--awb-border-radius-bottom-left:0px;--awb-padding-top:96px;--awb-padding-bottom:0px;--awb-padding-top-medium:60px;--awb-padding-bottom-medium:60px;--awb-padding-top-small:20px;--awb-padding-bottom-small:60px;--awb-margin-bottom:100px;--awb-background-color:var(--awb-color2);--awb-background-image:linear-gradient(180deg, rgba(255,255,255,0) 0%,var(--awb-color1) 55%);;--awb-background-size:cover;--awb-flex-wrap:wrap;\" data-bg=\"https:\/\/af-taxlegal.com\/wp-content\/uploads\/2023\/11\/w.jpg\" data-bg-gradient=\"linear-gradient(180deg, rgba(255,255,255,0) 0%,var(--awb-color1) 55%)\" ><div class=\"fusion-builder-row fusion-row fusion-flex-align-items-flex-start fusion-flex-justify-content-center fusion-flex-content-wrap\" style=\"max-width:1310.4px;margin-left: calc(-4% \/ 2 );margin-right: calc(-4% \/ 2 );\"><div class=\"fusion-layout-column fusion_builder_column fusion-builder-column-0 fusion_builder_column_1_1 1_1 fusion-flex-column\" style=\"--awb-bg-size:cover;--awb-width-large:100%;--awb-margin-top-large:20px;--awb-spacing-right-large:1.92%;--awb-margin-bottom-large:20px;--awb-spacing-left-large:1.92%;--awb-width-medium:100%;--awb-order-medium:0;--awb-spacing-right-medium:1.92%;--awb-spacing-left-medium:1.92%;--awb-width-small:100%;--awb-order-small:0;--awb-spacing-right-small:1.92%;--awb-spacing-left-small:1.92%;\"><div class=\"fusion-column-wrapper fusion-column-has-shadow fusion-flex-justify-content-flex-start fusion-content-layout-column\"><div class=\"fusion-title title fusion-title-1 fusion-sep-none fusion-title-center fusion-title-text fusion-title-size-one\" style=\"--awb-margin-top-small:10px;--awb-margin-right-small:0px;--awb-margin-bottom-small:20px;--awb-margin-left-small:0px;\"><h1 class=\"fusion-title-heading title-heading-center fusion-responsive-typography-calculated\" style=\"margin:0;--fontSize:60;line-height:var(--awb-typography1-line-height);\"><span style=\"vertical-align: inherit;\"><span style=\"vertical-align: inherit;\"><span style=\"vertical-align: inherit;\"><span style=\"vertical-align: inherit;\">Uneix-te a nosaltres<\/span><\/span><\/span><\/span><\/h1><\/div><\/div><\/div><div class=\"fusion-layout-column fusion_builder_column fusion-builder-column-1 fusion_builder_column_1_1 1_1 fusion-flex-column\" style=\"--awb-bg-size:cover;--awb-width-large:100%;--awb-margin-top-large:20px;--awb-spacing-right-large:1.92%;--awb-margin-bottom-large:45px;--awb-spacing-left-large:1.92%;--awb-width-medium:100%;--awb-order-medium:0;--awb-spacing-right-medium:1.92%;--awb-spacing-left-medium:1.92%;--awb-width-small:100%;--awb-order-small:0;--awb-spacing-right-small:1.92%;--awb-spacing-left-small:1.92%;\"><div class=\"fusion-column-wrapper fusion-column-has-shadow fusion-flex-justify-content-flex-start fusion-content-layout-column\"><div class=\"fusion-title title fusion-title-2 fusion-sep-none fusion-title-text fusion-title-size-one\" style=\"--awb-margin-top-small:10px;--awb-margin-right-small:0px;--awb-margin-bottom-small:20px;--awb-margin-left-small:0px;\"><h1 class=\"fusion-title-heading title-heading-left fusion-responsive-typography-calculated\" style=\"margin:0;--fontSize:60;line-height:var(--awb-typography1-line-height);\"><h2 class=\"et_pb_module_header\" style=\"text-align: center;\">Per qu\u00e8 unir-te al nostre gran equip?<\/h2><\/h1><\/div><div class=\"fusion-text fusion-text-1 awb-text-cols fusion-text-columns-2\" style=\"--awb-columns:2;--awb-column-spacing:2em;--awb-column-min-width:100px;\"><p><strong>Per qu\u00e8 unir-te a AF Tax&amp;Legal:<\/strong><\/p>\n<ul>\n<li><strong>Vetllem per un bon ambient laboral<\/strong>. Treballar a gust \u00e9s fonamental. <\/li>\n<li><strong>Promoci\u00f3 interna i carrera professional<\/strong>. T&#8217;ajudem a cr\u00e9ixer dins de l&#8217;empresa. El l\u00edmit el marques tu.  <\/li>\n<li><strong>Formaci\u00f3 gratu\u00efta<\/strong>. Perqu\u00e8 estiguis sempre actualitzat i puguis assumir nous reptes. <\/li>\n<li><strong>Mesures de conciliaci\u00f3 personalitzades<\/strong>. Perqu\u00e8 cada persona \u00e9s un m\u00f3n i les seves circumst\u00e0ncies diverses fem un programa de conciliaci\u00f3 a mida. <\/li>\n<li><strong>Retribuci\u00f3 flexible<\/strong>. Tu tries i gestiones la teva retribuci\u00f3 flexible: asseguran\u00e7a de salut, pla de pensions, tiquet restaurant, transport o guarderia. <\/li>\n<li><strong>Promovem mesures d&#8217;igualtat i no discriminaci\u00f3<\/strong>. Valorem el teu talent. No ens importa la teva ra\u00e7a, el sexe o la religi\u00f3.  <\/li>\n<li><strong>Donem part dels nostres beneficis a causes socials<\/strong>. <b>Caritas<\/b> ens ha certificat com \u201c <a href=\"https:\/\/caritas.barcelona\/es\/entidades-con-corazon\/\" target=\"_blank\" rel=\"noopener noreferrer\"><span style=\"color: var(--awb-color7);\">Empresa amb cor<\/span> \u201d<\/a> .<\/li>\n<\/ul>\n<\/div><\/div><\/div><div class=\"fusion-layout-column fusion_builder_column fusion-builder-column-2 fusion_builder_column_1_2 1_2 fusion-flex-column\" style=\"--awb-padding-top:46px;--awb-padding-right:38px;--awb-padding-bottom:50px;--awb-padding-left:42px;--awb-bg-color:var(--awb-color7);--awb-bg-color-hover:var(--awb-color7);--awb-bg-size:cover;--awb-width-large:50%;--awb-margin-top-large:20px;--awb-spacing-right-large:0%;--awb-margin-bottom-large:20px;--awb-spacing-left-large:3.84%;--awb-width-medium:50%;--awb-order-medium:0;--awb-spacing-right-medium:0%;--awb-spacing-left-medium:3.84%;--awb-width-small:100%;--awb-order-small:0;--awb-spacing-right-small:1.92%;--awb-spacing-left-small:1.92%;\"><div class=\"fusion-column-wrapper fusion-column-has-shadow fusion-flex-justify-content-flex-start fusion-content-layout-column\"><div class=\"fusion-title title fusion-title-3 fusion-sep-none fusion-title-text fusion-title-size-one\" style=\"--awb-margin-top-small:10px;--awb-margin-right-small:0px;--awb-margin-bottom-small:20px;--awb-margin-left-small:0px;\"><h1 class=\"fusion-title-heading title-heading-left fusion-responsive-typography-calculated\" style=\"margin:0;--fontSize:60;line-height:var(--awb-typography1-line-height);\"><h2 class=\"et_pb_module_header\"><span style=\"color: #ffffff;\"><strong>Vine a formar part de la nostra gran fam\u00edlia<\/strong><\/span><\/h2><\/h1><\/div><div class=\"fusion-text fusion-text-2\" style=\"--awb-content-alignment:center;--awb-font-size:16px;--awb-line-height:28px;\"><p style=\"text-align: left; color: var(--awb-color1); font-size: 19px; line-height: 36px;\" data-fusion-font=\"true\">El principal actiu d&#8217;AF Tax &amp; Legal ASSESSORS \u00e9s el talent i el coneixement dels professionals que la conformen.<\/p>\n<p style=\"text-align: left; color: var(--awb-color1); font-size: 19px; line-height: 36px;\" data-fusion-font=\"true\">La nostra organitzaci\u00f3 presta especial atenci\u00f3 a trobar els professionals adequats per contribuir al creixement de la nostra signatura.<\/p>\n<p style=\"text-align: left;\"><span style=\"color: var(--awb-color1); font-size: 19px; line-height: 36px;\" data-fusion-font=\"true\">Envia el teu CV a:<\/span> <a href=\"mailto:curriculum@af-taxlegal.com\"><br \/><span style=\"color: var(--awb-color1); font-size: 19px; line-height: 36px;\" data-fusion-font=\"true\">curriculum@af-taxlegal.com<\/span><\/a><\/p>\n<\/div><\/div><\/div><div class=\"fusion-layout-column fusion_builder_column fusion-builder-column-3 fusion_builder_column_1_2 1_2 fusion-flex-column\" style=\"--awb-bg-size:cover;--awb-width-large:50%;--awb-margin-top-large:105px;--awb-spacing-right-large:3.84%;--awb-margin-bottom-large:20px;--awb-spacing-left-large:0%;--awb-width-medium:50%;--awb-order-medium:0;--awb-spacing-right-medium:3.84%;--awb-spacing-left-medium:0%;--awb-width-small:100%;--awb-order-small:0;--awb-spacing-right-small:1.92%;--awb-spacing-left-small:1.92%;\"><div class=\"fusion-column-wrapper fusion-column-has-shadow fusion-flex-justify-content-flex-start fusion-content-layout-column\"><div class=\"fusion-image-element \" style=\"--awb-caption-title-font-family:var(--h2_typography-font-family);--awb-caption-title-font-weight:var(--h2_typography-font-weight);--awb-caption-title-font-style:var(--h2_typography-font-style);--awb-caption-title-size:var(--h2_typography-font-size);--awb-caption-title-transform:var(--h2_typography-text-transform);--awb-caption-title-line-height:var(--h2_typography-line-height);--awb-caption-title-letter-spacing:var(--h2_typography-letter-spacing);\"><span class=\" fusion-imageframe imageframe-none imageframe-1 hover-type-none has-mask\"><img decoding=\"async\" width=\"800\" height=\"964\" title=\"image-4\" src=\"https:\/\/af-taxlegal.com\/wp-content\/uploads\/2023\/11\/image-4.jpg\" data-orig-src=\"https:\/\/af-taxlegal.com\/wp-content\/uploads\/2023\/11\/image-4.jpg\" alt class=\"lazyload img-responsive wp-image-10990\" srcset=\"data:image\/svg+xml,%3Csvg%20xmlns%3D%27http%3A%2F%2Fwww.w3.org%2F2000%2Fsvg%27%20width%3D%27800%27%20height%3D%27964%27%20viewBox%3D%270%200%20800%20964%27%3E%3Crect%20width%3D%27800%27%20height%3D%27964%27%20fill-opacity%3D%220%22%2F%3E%3C%2Fsvg%3E\" data-srcset=\"https:\/\/af-taxlegal.com\/wp-content\/uploads\/2023\/11\/image-4-200x241.jpg 200w, https:\/\/af-taxlegal.com\/wp-content\/uploads\/2023\/11\/image-4-400x482.jpg 400w, https:\/\/af-taxlegal.com\/wp-content\/uploads\/2023\/11\/image-4-600x723.jpg 600w, https:\/\/af-taxlegal.com\/wp-content\/uploads\/2023\/11\/image-4.jpg 800w\" data-sizes=\"auto\" data-orig-sizes=\"(max-width: 640px) 100vw, 800px\" \/><\/span><\/div><\/div><\/div><\/div><\/div>\n","protected":false},"excerpt":{"rendered":"","protected":false},"author":4,"featured_media":0,"parent":0,"menu_order":0,"comment_status":"closed","ping_status":"closed","template":"100-width.php","meta":{"footnotes":""},"class_list":["post-11851","page","type-page","status-publish","hentry"],"aioseo_notices":[],"_links":{"self":[{"href":"https:\/\/af-taxlegal.com\/ca\/wp-json\/wp\/v2\/pages\/11851","targetHints":{"allow":["GET"]}}],"collection":[{"href":"https:\/\/af-taxlegal.com\/ca\/wp-json\/wp\/v2\/pages"}],"about":[{"href":"https:\/\/af-taxlegal.com\/ca\/wp-json\/wp\/v2\/types\/page"}],"author":[{"embeddable":true,"href":"https:\/\/af-taxlegal.com\/ca\/wp-json\/wp\/v2\/users\/4"}],"replies":[{"embeddable":true,"href":"https:\/\/af-taxlegal.com\/ca\/wp-json\/wp\/v2\/comments?post=11851"}],"version-history":[{"count":13,"href":"https:\/\/af-taxlegal.com\/ca\/wp-json\/wp\/v2\/pages\/11851\/revisions"}],"predecessor-version":[{"id":12393,"href":"https:\/\/af-taxlegal.com\/ca\/wp-json\/wp\/v2\/pages\/11851\/revisions\/12393"}],"wp:attachment":[{"href":"https:\/\/af-taxlegal.com\/ca\/wp-json\/wp\/v2\/media?parent=11851"}],"curies":[{"name":"wp","href":"https:\/\/api.w.org\/{rel}","templated":true}]}}